{"id":357,"date":"2021-05-31T16:42:07","date_gmt":"2021-05-31T16:42:07","guid":{"rendered":"http:\/\/patyod.hu\/wp\/?page_id=357"},"modified":"2021-05-31T16:42:07","modified_gmt":"2021-05-31T16:42:07","slug":"nyomtatvanyok","status":"publish","type":"page","link":"https:\/\/patyod.hu\/wp\/nyomtatvanyok\/","title":{"rendered":"Nyomtatv\u00e1nyok"},"content":{"rendered":"\n<p><a href=\"http:\/\/patyod.hu\/dokumentumok\/Nyomtatvanyok\/Formanyomtatv%c3%a1ny%20-GyVT.pdf\" target=\"_blank\" rel=\"noreferrer noopener\">Formanyomtatv\u00e1ny rendszeres gyermekv\u00e9delmi kedvezm\u00e9ny meg\u00e1llap\u00edt\u00e1s\u00e1hoz \u00e9s fel\u00fclvizsg\u00e1lat\u00e1hoz<\/a><\/p>\n","protected":false},"excerpt":{"rendered":"<p>Formanyomtatv\u00e1ny rendszeres gyermekv\u00e9delmi kedvezm\u00e9ny meg\u00e1llap\u00edt\u00e1s\u00e1hoz \u00e9s fel\u00fclvizsg\u00e1lat\u00e1hoz<\/p>\n","protected":false},"author":1,"featured_media":0,"parent":0,"menu_order":0,"comment_status":"closed","ping_status":"closed","template":"","meta":[],"_links":{"self":[{"href":"https:\/\/patyod.hu\/wp\/wp-json\/wp\/v2\/pages\/357"}],"collection":[{"href":"https:\/\/patyod.hu\/wp\/wp-json\/wp\/v2\/pages"}],"about":[{"href":"https:\/\/patyod.hu\/wp\/wp-json\/wp\/v2\/types\/page"}],"author":[{"embeddable":true,"href":"https:\/\/patyod.hu\/wp\/wp-json\/wp\/v2\/users\/1"}],"replies":[{"embeddable":true,"href":"https:\/\/patyod.hu\/wp\/wp-json\/wp\/v2\/comments?post=357"}],"version-history":[{"count":1,"href":"https:\/\/patyod.hu\/wp\/wp-json\/wp\/v2\/pages\/357\/revisions"}],"predecessor-version":[{"id":358,"href":"https:\/\/patyod.hu\/wp\/wp-json\/wp\/v2\/pages\/357\/revisions\/358"}],"wp:attachment":[{"href":"https:\/\/patyod.hu\/wp\/wp-json\/wp\/v2\/media?parent=357"}],"curies":[{"name":"wp","href":"https:\/\/api.w.org\/{rel}","templated":true}]}}