{"id":438,"date":"2022-07-25T18:10:06","date_gmt":"2022-07-25T18:10:06","guid":{"rendered":"http:\/\/patyod.hu\/wp\/?page_id=438"},"modified":"2022-07-25T18:10:06","modified_gmt":"2022-07-25T18:10:06","slug":"kommunalis-eszkozok-beszerzese-patyod-telepulesen","status":"publish","type":"page","link":"http:\/\/patyod.hu\/wp\/kommunalis-eszkozok-beszerzese-patyod-telepulesen\/","title":{"rendered":"\u201eKOMMUN\u00c1LIS ESZK\u00d6Z\u00d6K BESZERZ\u00c9SE P\u00c1TYOD TELEP\u00dcL\u00c9SEN\u201d"},"content":{"rendered":"\n<p>A Magyarorsz\u00e1g 2021. \u00e9vi k\u00f6zponti k\u00f6lts\u00e9gvet\u00e9s\u00e9r\u0151l sz\u00f3l\u00f3 2020. \u00e9vi XC. t\u00f6rv\u00e9ny 1. mell\u00e9klet XLVII. Gazdas\u00e1gv\u00e9delmi Alap fejezet, 2. Fejezeti kezel\u00e9s\u0171 el\u0151ir\u00e1nyzatok c\u00edm, 1. Gazdas\u00e1gv\u00e9delmet szolg\u00e1l\u00f3 minisztereln\u00f6ks\u00e9gi fejezeti kezel\u00e9s\u0171 el\u0151ir\u00e1nyzatok alc\u00edm 1. Magyar Falu Program jogc\u00edmcsoport, valamint a fejezeti kezel\u00e9s\u0171 el\u0151ir\u00e1nyzatok \u00e9s a k\u00f6zponti kezel\u00e9s\u0171 el\u0151ir\u00e1nyzatok kezel\u00e9s\u00e9r\u0151l \u00e9s felhaszn\u00e1l\u00e1s\u00e1r\u00f3l sz\u00f3l\u00f3 8\/2016. (III. 25.) MvM rendelet 2. mell\u00e9klet 4. sor\u00e1nak b) pontj\u00e1ban szab\u00e1lyozott programelemek (\u00c1HT azonos\u00edt\u00f3: 376273) t\u00e1rgy\u00e1val \u00f6sszhangban a Magyar Falu Program keret\u00e9ben meghirdetett, Kommun\u00e1lis eszk\u00f6z beszerz\u00e9se &#8211; 2021 c\u00edm\u0171, MFP-KOEB\/2021 k\u00f3dsz\u00e1m\u00fa p\u00e1ly\u00e1zati felh\u00edv\u00e1snak megfelel\u0151 p\u00e1ly\u00e1zati ki\u00edr\u00e1sra, P\u00e1tyod K\u00f6zs\u00e9g \u00d6nkorm\u00e1nyzata, mint t\u00e1mogat\u00e1st ig\u00e9nyl\u0151 2021.06.11 21:51:48 id\u0151pontban ny\u00fajtott be 3290126072 iratazonos\u00edt\u00f3 sz\u00e1mon. A Minisztereln\u00f6ks\u00e9g \u00e9s a Magyar \u00c1llamkincst\u00e1r a 3290126072 t\u00e1mogat\u00e1si k\u00e9relmet elb\u00edr\u00e1lta, \u00e9s t\u00e1mogat\u00e1sra alkalmasnak min\u0151s\u00edtette.<\/p>\n\n\n\n<p>T\u00c1MOGAT\u00d3I OKIRAT iratazonos\u00edt\u00f3: 3300267733<\/p>\n\n\n\n<p>A projekt c\u00edme: \u201eKommun\u00e1lis eszk\u00f6z\u00f6k beszerz\u00e9se P\u00e1tyod telep\u00fcl\u00e9sen\u201d.<\/p>\n\n\n\n<p>A vissza nem t\u00e9r\u00edtend\u0151 t\u00e1mogat\u00e1s \u00f6sszege brutt\u00f3 13.419.500,- Ft.<\/p>\n\n\n\n<p>A projekt megval\u00f3s\u00edt\u00e1s\u00e1nak tervezett kezdete: 2021.08.12.<\/p>\n\n\n\n<p>A projekt megval\u00f3s\u00edt\u00e1s\u00e1nak tervezett fizikai befejez\u00e9se: 2021.12.28.<\/p>\n\n\n\n<p>A projekt keret\u00e9ben kommun\u00e1lis eszk\u00f6z\u00f6k \u00e9s g\u00e9pek beszerz\u00e9se t\u00f6rt\u00e9nt belter\u00fcleti k\u00f6zter\u00fclet karbantart\u00e1s el\u0151seg\u00edt\u00e9se c\u00e9lj\u00e1b\u00f3l P\u00e1tyod telep\u00fcl\u00e9sen: 1 db Sonalika Solis 26 traktor kabinnal, 1 db Solis homlokrakod\u00f3 g\u00e9m + kan\u00e1l SOLIS 26-hoz, 1 db BP1000 R egytengelyes p\u00f3tkocsi, 1 db 115 cm-es kard\u00e1nhajt\u00e1s\u00fa sepr\u0151g\u00e9p, 1 db BTL-125 f\u00fcggesztett tol\u00f3lap, 1 db Cosmo PS 500 f\u00fcggesztett s\u00f3sz\u00f3r\u00f3.A fejleszt\u00e9s c\u00e9lja, hogy a belter\u00fcleti k\u00f6zter\u00fcletek fenntart\u00e1s\u00e1t biztos\u00edt\u00f3 eszk\u00f6z\u00f6k beszerz\u00e9se \u00e1ltal a telep\u00fcl\u00e9sen \u00e9l\u0151 k\u00fcl\u00f6nb\u00f6z\u0151 gener\u00e1ci\u00f3k, a k\u00f6rnyez\u0151 telep\u00fcl\u00e9sekr\u0151l \u00e9rkez\u0151k \u00e9s az orsz\u00e1g m\u00e1s t\u00e1jair\u00f3l ide l\u00e1togat\u00f3k kultur\u00e1lt k\u00f6r\u00fclm\u00e9nyek k\u00f6z\u00f6tt, kreat\u00edv m\u00f3don t\u00f6lthess\u00e9k el szabadidej\u00fcket, fejleszthess\u00e9k szoci\u00e1lis \u00e9s k\u00fcl\u00f6nb\u00f6z\u0151 \u00fcgyess\u00e9gi k\u00e9szs\u00e9geiket, a fiatal koroszt\u00e1ly \u00e9s sz\u00fcleik k\u00f6z\u00f6ss\u00e9gi \u00e9lm\u00e9nyhez jussanak, n\u00f6vekedjen a t\u00e1rsadalmi koh\u00e9zi\u00f3, er\u0151s\u00f6dj\u00f6n a telep\u00fcl\u00e9sen \u00e9l\u0151k helyi identit\u00e1s tudata, mely hozz\u00e1j\u00e1rul a k\u00f6zs\u00e9g n\u00e9pess\u00e9gmegtart\u00f3 erej\u00e9nek n\u00f6vel\u00e9s\u00e9hez \u00e9s a demogr\u00e1fiai mutat\u00f3inak javul\u00e1s\u00e1hoz. A telep\u00fcl\u00e9s vonz\u00f3bb\u00e1 v\u00e1lik az itt \u00e9l\u0151k \u00e9s az ide l\u00e1togat\u00f3k sz\u00e1m\u00e1ra egyar\u00e1nt. P\u00e1tyod k\u00f6zs\u00e9g fejleszt\u00e9si ir\u00e1nyvonal\u00e1ba teljes m\u00e9rt\u00e9kben illeszkedik a beruh\u00e1z\u00e1s, hiszen az \u00f6nkorm\u00e1nyzat c\u00e9lja a telep\u00fcl\u00e9sk\u00e9p form\u00e1l\u00e1sa, sz\u00e9p\u00edt\u00e9se, a lakoss\u00e1g megtart\u00f3 erej\u00e9nek n\u00f6vel\u00e9se.<\/p>\n\n\n<p>[gallery_p_gallery id=13]<\/p>\n","protected":false},"excerpt":{"rendered":"<p>A Magyarorsz\u00e1g 2021. \u00e9vi k\u00f6zponti k\u00f6lts\u00e9gvet\u00e9s\u00e9r\u0151l sz\u00f3l\u00f3 2020. \u00e9vi XC. t\u00f6rv\u00e9ny 1. mell\u00e9klet XLVII. Gazdas\u00e1gv\u00e9delmi Alap fejezet, 2. Fejezeti kezel\u00e9s\u0171 el\u0151ir\u00e1nyzatok c\u00edm, 1. Gazdas\u00e1gv\u00e9delmet szolg\u00e1l\u00f3 minisztereln\u00f6ks\u00e9gi fejezeti kezel\u00e9s\u0171 el\u0151ir\u00e1nyzatok alc\u00edm 1. Magyar Falu Program jogc\u00edmcsoport, valamint a fejezeti kezel\u00e9s\u0171 el\u0151ir\u00e1nyzatok \u00e9s a k\u00f6zponti kezel\u00e9s\u0171 el\u0151ir\u00e1nyzatok kezel\u00e9s\u00e9r\u0151l \u00e9s felhaszn\u00e1l\u00e1s\u00e1r\u00f3l sz\u00f3l\u00f3 8\/2016. (III. 25.) MvM rendelet 2. [&hellip;]<\/p>\n","protected":false},"author":1,"featured_media":0,"parent":0,"menu_order":0,"comment_status":"closed","ping_status":"closed","template":"","meta":[],"_links":{"self":[{"href":"http:\/\/patyod.hu\/wp\/wp-json\/wp\/v2\/pages\/438"}],"collection":[{"href":"http:\/\/patyod.hu\/wp\/wp-json\/wp\/v2\/pages"}],"about":[{"href":"http:\/\/patyod.hu\/wp\/wp-json\/wp\/v2\/types\/page"}],"author":[{"embeddable":true,"href":"http:\/\/patyod.hu\/wp\/wp-json\/wp\/v2\/users\/1"}],"replies":[{"embeddable":true,"href":"http:\/\/patyod.hu\/wp\/wp-json\/wp\/v2\/comments?post=438"}],"version-history":[{"count":2,"href":"http:\/\/patyod.hu\/wp\/wp-json\/wp\/v2\/pages\/438\/revisions"}],"predecessor-version":[{"id":447,"href":"http:\/\/patyod.hu\/wp\/wp-json\/wp\/v2\/pages\/438\/revisions\/447"}],"wp:attachment":[{"href":"http:\/\/patyod.hu\/wp\/wp-json\/wp\/v2\/media?parent=438"}],"curies":[{"name":"wp","href":"https:\/\/api.w.org\/{rel}","templated":true}]}}